{"id":120,"date":"2019-10-08T08:12:31","date_gmt":"2019-10-08T06:12:31","guid":{"rendered":"http:\/\/mapalu-marine-innovations.com\/home\/"},"modified":"2024-01-09T07:23:41","modified_gmt":"2024-01-09T06:23:41","slug":"home","status":"publish","type":"page","link":"https:\/\/mapalu-marine-innovations.pl\/pl\/","title":{"rendered":"Home"},"content":{"rendered":"\t\t<div data-elementor-type=\"wp-page\" data-elementor-id=\"120\" class=\"elementor elementor-120\">\n\t\t\t\t\t\t<section class=\"elementor-section elementor-top-section elementor-element elementor-element-c700a98 elementor-section-stretched elementor-section-boxed elementor-section-height-default elementor-section-height-default\" data-id=\"c700a98\" data-element_type=\"section\" data-settings=\"{&quot;stretch_section&quot;:&quot;section-stretched&quot;,&quot;background_background&quot;:&quot;video&quot;,&quot;background_video_link&quot;:&quot;https:\\\/\\\/mapalu-marine-innovations.pl\\\/wp-content\\\/uploads\\\/2023\\\/09\\\/14sec.mp4&quot;,&quot;background_video_start&quot;:1}\">\n\t\t\t\t\t\t\t\t<div class=\"elementor-background-video-container elementor-hidden-mobile\">\n\t\t\t\t\t\t\t\t\t\t\t\t\t<video class=\"elementor-background-video-hosted\" autoplay muted playsinline loop><\/video>\n\t\t\t\t\t\t\t\t\t\t\t<\/div>\n\t\t\t\t\t\t\t\t\t<div class=\"elementor-background-overlay\"><\/div>\n\t\t\t\t\t\t\t<div class=\"elementor-container elementor-column-gap-default\">\n\t\t\t\t\t<div class=\"aux-parallax-section elementor-column elementor-col-100 elementor-top-column elementor-element elementor-element-200b875\" data-id=\"200b875\" data-element_type=\"column\">\n\t\t\t<div class=\"elementor-widget-wrap elementor-element-populated\">\n\t\t\t\t\t\t<section class=\"elementor-section elementor-inner-section elementor-element elementor-element-646cefc elementor-section-boxed elementor-section-height-default elementor-section-height-default\" data-id=\"646cefc\" data-element_type=\"section\">\n\t\t\t\t\t\t<div class=\"elementor-container elementor-column-gap-default\">\n\t\t\t\t\t<div class=\"aux-parallax-section elementor-column elementor-col-100 elementor-inner-column elementor-element elementor-element-6cf7057\" data-id=\"6cf7057\" data-element_type=\"column\">\n\t\t\t<div class=\"elementor-widget-wrap elementor-element-populated\">\n\t\t\t\t\t\t<div class=\"elementor-element elementor-element-6a76fcb animated-slow elementor-invisible elementor-widget elementor-widget-heading\" data-id=\"6a76fcb\" data-element_type=\"widget\" data-settings=\"{&quot;_animation&quot;:&quot;fadeIn&quot;,&quot;_animation_delay&quot;:4}\" data-widget_type=\"heading.default\">\n\t\t\t\t<div class=\"elementor-widget-container\">\n\t\t\t\t\t<h1 class=\"elementor-heading-title elementor-size-default\">Mapalu<\/br>\n<strong>Marine Innovations<\/strong><\/h1>\t\t\t\t<\/div>\n\t\t\t\t<\/div>\n\t\t\t\t<div class=\"elementor-element elementor-element-4540ba4 animated-slow elementor-invisible elementor-widget elementor-widget-aux_modern_button\" data-id=\"4540ba4\" data-element_type=\"widget\" data-settings=\"{&quot;_animation&quot;:&quot;fadeIn&quot;,&quot;_animation_delay&quot;:5}\" data-widget_type=\"aux_modern_button.default\">\n\t\t\t\t<div class=\"elementor-widget-container\">\n\t\t\t\t\t    <div class=\"aux-modern-button-wrapper aux-modern-button-align-center\" >\n                    <a class=\"aux-modern-button aux-black aux-modern-button-md aux-modern-button-normal aux-modern-button-default aux-icon-\" href=\"https:\/\/mapalu-marine-innovations.pl\/pl\/produkty\/\">\n                <div class=\"aux-overlay\"><\/div>\n                                <div class=\"aux-text\">\n<span class=\"aux-text-before\">Nasze produkty<\/span>                <\/div>\n            <\/a>\n            \n    <\/div>\n\n    \t\t\t\t<\/div>\n\t\t\t\t<\/div>\n\t\t\t\t\t<\/div>\n\t\t<\/div>\n\t\t\t\t\t<\/div>\n\t\t<\/section>\n\t\t\t\t\t<\/div>\n\t\t<\/div>\n\t\t\t\t\t<\/div>\n\t\t<\/section>\n\t\t<div class=\"aux-parallax-section elementor-element elementor-element-c8523cf elementor-hidden-mobile e-flex e-con-boxed elementor-invisible e-con e-parent\" data-id=\"c8523cf\" data-element_type=\"container\" data-settings=\"{&quot;background_background&quot;:&quot;gradient&quot;,&quot;position&quot;:&quot;absolute&quot;,&quot;animation&quot;:&quot;fadeIn&quot;}\">\n\t\t\t\t\t<div class=\"e-con-inner\">\n\t\t<div class=\"elementor-element elementor-element-54e717e e-con-full e-flex e-con e-child\" data-id=\"54e717e\" data-element_type=\"container\" data-settings=\"{&quot;background_background&quot;:&quot;classic&quot;}\">\n\t\t\t\t<div class=\"elementor-element elementor-element-96f9081 elementor-widget elementor-widget-heading\" data-id=\"96f9081\" data-element_type=\"widget\" data-widget_type=\"heading.default\">\n\t\t\t\t<div class=\"elementor-widget-container\">\n\t\t\t\t\t<h4 class=\"elementor-heading-title elementor-size-default\">POPRAW MANEWROWO\u015a\u0106 <br\/> JEDNOSTKI<\/h4>\t\t\t\t<\/div>\n\t\t\t\t<\/div>\n\t\t\t\t<\/div>\n\t\t<div class=\"elementor-element elementor-element-452db51 e-con-full e-flex e-con e-child\" data-id=\"452db51\" data-element_type=\"container\" data-settings=\"{&quot;background_background&quot;:&quot;classic&quot;}\">\n\t\t\t\t<div class=\"elementor-element elementor-element-436de61 elementor-widget elementor-widget-heading\" data-id=\"436de61\" data-element_type=\"widget\" data-widget_type=\"heading.default\">\n\t\t\t\t<div class=\"elementor-widget-container\">\n\t\t\t\t\t<h4 class=\"elementor-heading-title elementor-size-default\">OGRANICZ ZU\u017bYCIE <BR\/>PALIWA<\/h4>\t\t\t\t<\/div>\n\t\t\t\t<\/div>\n\t\t\t\t<\/div>\n\t\t<div class=\"elementor-element elementor-element-bdd26da e-con-full e-flex e-con e-child\" data-id=\"bdd26da\" data-element_type=\"container\" data-settings=\"{&quot;background_background&quot;:&quot;classic&quot;}\">\n\t\t\t\t<div class=\"elementor-element elementor-element-ae4a0c7 elementor-widget elementor-widget-heading\" data-id=\"ae4a0c7\" data-element_type=\"widget\" data-widget_type=\"heading.default\">\n\t\t\t\t<div class=\"elementor-widget-container\">\n\t\t\t\t\t<h4 class=\"elementor-heading-title elementor-size-default\">ZADBAJ O \u015aRODOWISKO <br \/> NATURALNE<\/h4>\t\t\t\t<\/div>\n\t\t\t\t<\/div>\n\t\t\t\t<\/div>\n\t\t\t\t\t<\/div>\n\t\t\t\t<\/div>\n\t\t<div class=\"aux-parallax-section elementor-element elementor-element-6fa0719 elementor-hidden-desktop elementor-hidden-tablet e-flex e-con-boxed elementor-invisible e-con e-parent\" data-id=\"6fa0719\" data-element_type=\"container\" data-settings=\"{&quot;background_background&quot;:&quot;classic&quot;,&quot;animation&quot;:&quot;fadeIn&quot;}\">\n\t\t\t\t\t<div class=\"e-con-inner\">\n\t\t<div class=\"elementor-element elementor-element-65c4c09 e-con-full e-flex e-con e-child\" data-id=\"65c4c09\" data-element_type=\"container\" data-settings=\"{&quot;background_background&quot;:&quot;classic&quot;}\">\n\t\t\t\t<div class=\"elementor-element elementor-element-b516397 elementor-widget elementor-widget-heading\" data-id=\"b516397\" data-element_type=\"widget\" data-widget_type=\"heading.default\">\n\t\t\t\t<div class=\"elementor-widget-container\">\n\t\t\t\t\t<h4 class=\"elementor-heading-title elementor-size-default\">POPRAW MANEWROWO\u015a\u0106 JEDNOSTKI<\/h4>\t\t\t\t<\/div>\n\t\t\t\t<\/div>\n\t\t\t\t<\/div>\n\t\t<div class=\"elementor-element elementor-element-912b0e8 e-con-full e-flex e-con e-child\" data-id=\"912b0e8\" data-element_type=\"container\" data-settings=\"{&quot;background_background&quot;:&quot;classic&quot;}\">\n\t\t\t\t<div class=\"elementor-element elementor-element-ee53679 elementor-widget elementor-widget-heading\" data-id=\"ee53679\" data-element_type=\"widget\" data-widget_type=\"heading.default\">\n\t\t\t\t<div class=\"elementor-widget-container\">\n\t\t\t\t\t<h4 class=\"elementor-heading-title elementor-size-default\">OGRANICZ ZU\u017bYCIE <BR\/>PALIWA<\/h4>\t\t\t\t<\/div>\n\t\t\t\t<\/div>\n\t\t\t\t<\/div>\n\t\t<div class=\"elementor-element elementor-element-e064c33 e-con-full e-flex e-con e-child\" data-id=\"e064c33\" data-element_type=\"container\" data-settings=\"{&quot;background_background&quot;:&quot;classic&quot;}\">\n\t\t\t\t<div class=\"elementor-element elementor-element-22340e5 elementor-widget elementor-widget-heading\" data-id=\"22340e5\" data-element_type=\"widget\" data-widget_type=\"heading.default\">\n\t\t\t\t<div class=\"elementor-widget-container\">\n\t\t\t\t\t<h4 class=\"elementor-heading-title elementor-size-default\">ZADBAJ O \u015aRODOWISKO <br \/> NATURALNE<\/h4>\t\t\t\t<\/div>\n\t\t\t\t<\/div>\n\t\t\t\t<\/div>\n\t\t\t\t\t<\/div>\n\t\t\t\t<\/div>\n\t\t<div class=\"aux-parallax-section elementor-element elementor-element-9115dd1 e-flex e-con-boxed e-con e-parent\" data-id=\"9115dd1\" data-element_type=\"container\" id=\"sevice\">\n\t\t\t\t\t<div class=\"e-con-inner\">\n\t\t<div class=\"elementor-element elementor-element-37a060c e-con-full e-flex e-con e-child\" data-id=\"37a060c\" data-element_type=\"container\">\n\t\t\t\t<div class=\"elementor-element elementor-element-2434610 elementor-widget elementor-widget-text-editor\" data-id=\"2434610\" data-element_type=\"widget\" data-widget_type=\"text-editor.default\">\n\t\t\t\t<div class=\"elementor-widget-container\">\n\t\t\t\t\t\t\t\t\tFirma <strong>Mapalu Pawe\u0142 \u0141uniewski<\/strong> powsta\u0142a w 2013 roku. Od samego pocz\u0105tku byli\u015bmy zwi\u0105zani z bran\u017c\u0105\u00a0okr\u0119tow\u0105.\nNasze do\u015bwiadczenie doprowadzi\u0142o do utworzenia w firmie w 2018 roku dzia\u0142a\u0144 Bada\u0144 i Rozwoju. Efektem wsp\u00f3\u0142pracy Naszych in\u017cynier\u00f3w z o\u015brodkami badawczymi i naukowymi s\u0105 innowacyjne w skali mi\u0119dzynarodowej produkty. <b>Obwodowy ster strumieniowy<\/b><span> i <\/span><b>p\u0142etwa sterowa Hebla<\/b><span> s\u0105 Nasz\u0105 propozycj\u0105 na podniesienie efektywno\u015bci, a tak\u017ce zapewnienie bezpiecze\u0144stwa w transporcie wodnym.<\/span>\t\t\t\t\t\t\t\t<\/div>\n\t\t\t\t<\/div>\n\t\t\t\t<div class=\"elementor-element elementor-element-d0d6178 elementor-widget elementor-widget-heading\" data-id=\"d0d6178\" data-element_type=\"widget\" data-widget_type=\"heading.default\">\n\t\t\t\t<div class=\"elementor-widget-container\">\n\t\t\t\t\t<h3 class=\"elementor-heading-title elementor-size-default\"><a href=\"https:\/\/mapalu-marine-innovations.pl\/kontakt\/\">Skontaktuj si\u0119 z Nami!<\/a> <br \/>\nZesp\u00f3\u0142 Mapalu<\/h3>\t\t\t\t<\/div>\n\t\t\t\t<\/div>\n\t\t\t\t<div class=\"elementor-element elementor-element-3c9def9 elementor-widget elementor-widget-heading\" data-id=\"3c9def9\" data-element_type=\"widget\" data-widget_type=\"heading.default\">\n\t\t\t\t<div class=\"elementor-widget-container\">\n\t\t\t\t\t<h2 class=\"elementor-heading-title elementor-size-default\">NASI PARTNERZY<\/h2>\t\t\t\t<\/div>\n\t\t\t\t<\/div>\n\t\t<div class=\"elementor-element elementor-element-f10b403 e-flex e-con-boxed e-con e-child\" data-id=\"f10b403\" data-element_type=\"container\">\n\t\t\t\t\t<div class=\"e-con-inner\">\n\t\t<div class=\"elementor-element elementor-element-5b74721 e-flex e-con-boxed e-con e-child\" data-id=\"5b74721\" data-element_type=\"container\">\n\t\t\t\t\t<div class=\"e-con-inner\">\n\t\t\t\t<div class=\"elementor-element elementor-element-4bac89c elementor-widget elementor-widget-image\" data-id=\"4bac89c\" data-element_type=\"widget\" data-widget_type=\"image.default\">\n\t\t\t\t<div class=\"elementor-widget-container\">\n\t\t\t\t\t\t\t\t\t\t\t\t\t\t\t<img decoding=\"async\" width=\"248\" height=\"90\" src=\"https:\/\/mapalu-marine-innovations.pl\/wp-content\/uploads\/2020\/12\/kigm_logo_vert_white.png\" class=\"attachment-full size-full wp-image-752\" alt=\"\" \/>\t\t\t\t\t\t\t\t\t\t\t\t\t\t\t<\/div>\n\t\t\t\t<\/div>\n\t\t\t\t\t<\/div>\n\t\t\t\t<\/div>\n\t\t<div class=\"elementor-element elementor-element-253d53e e-flex e-con-boxed e-con e-child\" data-id=\"253d53e\" data-element_type=\"container\">\n\t\t\t\t\t<div class=\"e-con-inner\">\n\t\t\t\t<div class=\"elementor-element elementor-element-51fc994 elementor-widget elementor-widget-image\" data-id=\"51fc994\" data-element_type=\"widget\" data-widget_type=\"image.default\">\n\t\t\t\t<div class=\"elementor-widget-container\">\n\t\t\t\t\t\t\t\t\t\t\t\t\t\t\t<img decoding=\"async\" width=\"300\" height=\"104\" src=\"https:\/\/mapalu-marine-innovations.pl\/wp-content\/uploads\/2020\/12\/BSSC-2-LOGO-NIEBIESKIE-300x104-1.jpg\" class=\"attachment-full size-full wp-image-754\" alt=\"\" \/>\t\t\t\t\t\t\t\t\t\t\t\t\t\t\t<\/div>\n\t\t\t\t<\/div>\n\t\t\t\t\t<\/div>\n\t\t\t\t<\/div>\n\t\t<div class=\"elementor-element elementor-element-a0e3eed e-flex e-con-boxed e-con e-child\" data-id=\"a0e3eed\" data-element_type=\"container\">\n\t\t\t\t\t<div class=\"e-con-inner\">\n\t\t\t\t<div class=\"elementor-element elementor-element-2b56d2c elementor-widget elementor-widget-image\" data-id=\"2b56d2c\" data-element_type=\"widget\" data-widget_type=\"image.default\">\n\t\t\t\t<div class=\"elementor-widget-container\">\n\t\t\t\t\t\t\t\t\t\t\t\t\t\t\t<img fetchpriority=\"high\" decoding=\"async\" width=\"258\" height=\"300\" src=\"https:\/\/mapalu-marine-innovations.pl\/wp-content\/uploads\/2023\/09\/Szkuner-wladyslawowo.jpeg\" class=\"attachment-full size-full wp-image-924\" alt=\"\" \/>\t\t\t\t\t\t\t\t\t\t\t\t\t\t\t<\/div>\n\t\t\t\t<\/div>\n\t\t\t\t\t<\/div>\n\t\t\t\t<\/div>\n\t\t\t\t\t<\/div>\n\t\t\t\t<\/div>\n\t\t\t\t<\/div>\n\t\t\t\t\t<\/div>\n\t\t\t\t<\/div>\n\t\t\t\t<\/div>\n\t\t","protected":false},"excerpt":{"rendered":"<p>Mapalu Marine Innovations Nasze produkty POPRAW MANEWROWO\u015a\u0106 JEDNOSTKI OGRANICZ ZU\u017bYCIE PALIWA ZADBAJ O \u015aRODOWISKO NATURALNE POPRAW MANEWROWO\u015a\u0106 JEDNOSTKI OGRANICZ ZU\u017bYCIE PALIWA ZADBAJ O \u015aRODOWISKO NATURALNE Firma Mapalu Pawe\u0142 \u0141uniewski powsta\u0142a w 2013 roku. Od samego pocz\u0105tku byli\u015bmy zwi\u0105zani z bran\u017c\u0105\u00a0okr\u0119tow\u0105. Nasze do\u015bwiadczenie doprowadzi\u0142o do utworzenia w firmie w 2018 roku dzia\u0142a\u0144 Bada\u0144 i Rozwoju. Efektem [&hellip;]<\/p>\n","protected":false},"author":1,"featured_media":0,"parent":0,"menu_order":0,"comment_status":"closed","ping_status":"closed","template":"templates\/page-builder-content.php","meta":{"footnotes":""},"class_list":["post-120","page","type-page","status-publish","hentry"],"_links":{"self":[{"href":"https:\/\/mapalu-marine-innovations.pl\/pl\/wp-json\/wp\/v2\/pages\/120","targetHints":{"allow":["GET"]}}],"collection":[{"href":"https:\/\/mapalu-marine-innovations.pl\/pl\/wp-json\/wp\/v2\/pages"}],"about":[{"href":"https:\/\/mapalu-marine-innovations.pl\/pl\/wp-json\/wp\/v2\/types\/page"}],"author":[{"embeddable":true,"href":"https:\/\/mapalu-marine-innovations.pl\/pl\/wp-json\/wp\/v2\/users\/1"}],"replies":[{"embeddable":true,"href":"https:\/\/mapalu-marine-innovations.pl\/pl\/wp-json\/wp\/v2\/comments?post=120"}],"version-history":[{"count":182,"href":"https:\/\/mapalu-marine-innovations.pl\/pl\/wp-json\/wp\/v2\/pages\/120\/revisions"}],"predecessor-version":[{"id":1541,"href":"https:\/\/mapalu-marine-innovations.pl\/pl\/wp-json\/wp\/v2\/pages\/120\/revisions\/1541"}],"wp:attachment":[{"href":"https:\/\/mapalu-marine-innovations.pl\/pl\/wp-json\/wp\/v2\/media?parent=120"}],"curies":[{"name":"wp","href":"https:\/\/api.w.org\/{rel}","templated":true}]}}