{"id":1178,"date":"2023-10-04T15:28:04","date_gmt":"2023-10-04T13:28:04","guid":{"rendered":"https:\/\/mapalu-marine-innovations.com\/?page_id=1178"},"modified":"2024-01-08T09:45:37","modified_gmt":"2024-01-08T08:45:37","slug":"br","status":"publish","type":"page","link":"https:\/\/mapalu-marine-innovations.pl\/pl\/br\/","title":{"rendered":"B+R"},"content":{"rendered":"\t\t<div data-elementor-type=\"wp-page\" data-elementor-id=\"1178\" class=\"elementor elementor-1178 elementor-567\">\n\t\t\t\t<div class=\"aux-parallax-section elementor-element elementor-element-74d1ebb e-flex e-con-boxed e-con e-parent\" data-id=\"74d1ebb\" data-element_type=\"container\">\n\t\t\t\t\t<div class=\"e-con-inner\">\n\t\t\t\t<div class=\"elementor-element elementor-element-9b03f9e elementor-widget elementor-widget-heading\" data-id=\"9b03f9e\" data-element_type=\"widget\" data-widget_type=\"heading.default\">\n\t\t\t\t<div class=\"elementor-widget-container\">\n\t\t\t\t\t<h2 class=\"elementor-heading-title elementor-size-default\">R&D<\/h2>\t\t\t\t<\/div>\n\t\t\t\t<\/div>\n\t\t\t\t\t<\/div>\n\t\t\t\t<\/div>\n\t\t<div class=\"aux-parallax-section elementor-element elementor-element-d924f2b e-flex e-con-boxed e-con e-parent\" data-id=\"d924f2b\" data-element_type=\"container\">\n\t\t\t\t\t<div class=\"e-con-inner\">\n\t\t\t\t<div class=\"elementor-element elementor-element-af9a016 elementor-widget elementor-widget-heading\" data-id=\"af9a016\" data-element_type=\"widget\" data-widget_type=\"heading.default\">\n\t\t\t\t<div class=\"elementor-widget-container\">\n\t\t\t\t\t<h2 class=\"elementor-heading-title elementor-size-default\">\u201eStawiamy na <strong>ci\u0105g\u0142y rozw\u00f3j<\/strong>\u201d<\/h2>\t\t\t\t<\/div>\n\t\t\t\t<\/div>\n\t\t\t\t\t<\/div>\n\t\t\t\t<\/div>\n\t\t<div class=\"aux-parallax-section elementor-element elementor-element-7922c02 e-flex e-con-boxed e-con e-parent\" data-id=\"7922c02\" data-element_type=\"container\">\n\t\t\t\t\t<div class=\"e-con-inner\">\n\t\t\t\t<div class=\"elementor-element elementor-element-adc6189 elementor-widget elementor-widget-text-editor\" data-id=\"adc6189\" data-element_type=\"widget\" data-widget_type=\"text-editor.default\">\n\t\t\t\t<div class=\"elementor-widget-container\">\n\t\t\t\t\t\t\t\t\t<p>Rozwijamy si\u0119 i konsekwentnie stawiamy sobie nowe cele, kt\u00f3re niejednokrotnie stanowi\u0105 kamienienie milowe w cyklu \u017cycia firmy. Aby sprosta\u0107 wymaganiom jakie stawia przed Nami wsp\u00f3\u0142czesny \u015bwiat, prowadzimy projekty, w tym projekty B+R, maj\u0105ce na celu opracowanie nowych technologii w bran\u017cy okr\u0119towej. Cz\u0119\u015b\u0107 projekt\u00f3w realizowana jest z wykorzystaniem wsparcia finansowego Komisji Europejskiej i we wsp\u00f3\u0142pracy z takimi instytucjami jak Polska Agencja Rozwoju i Przedsi\u0119biorczo\u015bci (PARP) czy Narodowe Centrum Bada\u0144 i Rozwoju (NCBR).<\/p>\t\t\t\t\t\t\t\t<\/div>\n\t\t\t\t<\/div>\n\t\t\t\t<div class=\"elementor-element elementor-element-099526e elementor-widget elementor-widget-text-editor\" data-id=\"099526e\" data-element_type=\"widget\" data-widget_type=\"text-editor.default\">\n\t\t\t\t<div class=\"elementor-widget-container\">\n\t\t\t\t\t\t\t\t\t<p>Obwodowy ster strumieniowy to technologia powsta\u0142a na drodze projektu Obwodowy ster strumieniowy do zastosowania w jednostkach p\u0142ywaj\u0105cych (nr POIR.01.01.01-00-0315\/20 ze \u015brodk\u00f3w Europejskiego Funduszu Rozwoju Regionalnego w ramach Programu Operacyjnego Inteligentny Rozw\u00f3j 2014-2020). G\u0142\u00f3wnym celem tego projektu by\u0142o opracowanie steru strumieniowego wyr\u00f3\u017cniaj\u0105cego si\u0119 na arenie mi\u0119dzynarodowej zar\u00f3wno pod wzgl\u0119dem konstrukcji, jak i zasady dzia\u0142ania. Kilkuletnie badania zako\u0144czy\u0142y si\u0119 sukcesem i dzi\u015b mo\u017cemy Pa\u0144stwu zaprezentowa\u0107 technologi\u0119, kt\u00f3ra przyczyni si\u0119 do poprawy bezpiecze\u0144stwa w transporcie wodnym oraz usprawni manewrowanie jednostk\u0105 p\u0142ywaj\u0105c\u0105.<\/p>\t\t\t\t\t\t\t\t<\/div>\n\t\t\t\t<\/div>\n\t\t\t\t\t<\/div>\n\t\t\t\t<\/div>\n\t\t<div class=\"aux-parallax-section elementor-element elementor-element-b45f76d e-flex e-con-boxed e-con e-parent\" data-id=\"b45f76d\" data-element_type=\"container\">\n\t\t\t\t\t<div class=\"e-con-inner\">\n\t\t\t\t<div class=\"elementor-element elementor-element-94b8735 elementor-widget elementor-widget-image\" data-id=\"94b8735\" data-element_type=\"widget\" data-widget_type=\"image.default\">\n\t\t\t\t<div class=\"elementor-widget-container\">\n\t\t\t\t\t\t\t\t\t\t\t\t\t\t\t\t<a href=\"https:\/\/mapalu-marine-innovations.pl\/wp-content\/uploads\/2023\/10\/rd.jpg\" data-elementor-open-lightbox=\"yes\" data-elementor-lightbox-title=\"r&amp;d\" data-e-action-hash=\"#elementor-action%3Aaction%3Dlightbox%26settings%3DeyJpZCI6MTE2OCwidXJsIjoiaHR0cHM6XC9cL21hcGFsdS1tYXJpbmUtaW5ub3ZhdGlvbnMucGxcL3dwLWNvbnRlbnRcL3VwbG9hZHNcLzIwMjNcLzEwXC9yZC5qcGcifQ%3D%3D\">\n\t\t\t\t\t\t\t<img fetchpriority=\"high\" decoding=\"async\" width=\"1200\" height=\"541\" src=\"https:\/\/mapalu-marine-innovations.pl\/wp-content\/uploads\/2023\/10\/rd.jpg\" class=\"attachment-full size-full wp-image-1168\" alt=\"Vessel equipped with four peripheral thrusters created by Mapalu Pawe\u0142 \u0141uniewski\" \/>\t\t\t\t\t\t\t\t<\/a>\n\t\t\t\t\t\t\t\t\t\t\t\t\t\t\t<\/div>\n\t\t\t\t<\/div>\n\t\t\t\t<div class=\"elementor-element elementor-element-5460bb4 elementor-widget elementor-widget-text-editor\" data-id=\"5460bb4\" data-element_type=\"widget\" data-widget_type=\"text-editor.default\">\n\t\t\t\t<div class=\"elementor-widget-container\">\n\t\t\t\t\t\t\t\t\tJednostka p\u0142ywaj\u0105ca zaprojektowana i zbudowana przez firm\u0119 Mapalu Pawe\u0142 \u0141uniewski oraz wyposa\u017cona w cztery obwodowe stery strumieniowe\t\t\t\t\t\t\t\t<\/div>\n\t\t\t\t<\/div>\n\t\t\t\t\t<\/div>\n\t\t\t\t<\/div>\n\t\t<div class=\"aux-parallax-section elementor-element elementor-element-d9c8971 e-flex e-con-boxed e-con e-parent\" data-id=\"d9c8971\" data-element_type=\"container\">\n\t\t\t\t\t<div class=\"e-con-inner\">\n\t\t\t\t<div class=\"elementor-element elementor-element-b8fe748 elementor-widget elementor-widget-image\" data-id=\"b8fe748\" data-element_type=\"widget\" data-widget_type=\"image.default\">\n\t\t\t\t<div class=\"elementor-widget-container\">\n\t\t\t\t\t\t\t\t\t\t\t\t\t\t\t<img decoding=\"async\" width=\"1778\" height=\"181\" src=\"https:\/\/mapalu-marine-innovations.pl\/wp-content\/uploads\/2024\/01\/belka-POIR_pl.jpg\" class=\"attachment-full size-full wp-image-1454\" alt=\"\" srcset=\"https:\/\/mapalu-marine-innovations.pl\/wp-content\/uploads\/2024\/01\/belka-POIR_pl.jpg 1778w, https:\/\/mapalu-marine-innovations.pl\/wp-content\/uploads\/2024\/01\/belka-POIR_pl-1536x156.jpg 1536w\" sizes=\"(max-width: 1778px) 100vw, 1778px\" \/>\t\t\t\t\t\t\t\t\t\t\t\t\t\t\t<\/div>\n\t\t\t\t<\/div>\n\t\t\t\t<div class=\"elementor-element elementor-element-831ae36 elementor-widget elementor-widget-text-editor\" data-id=\"831ae36\" data-element_type=\"widget\" data-widget_type=\"text-editor.default\">\n\t\t\t\t<div class=\"elementor-widget-container\">\n\t\t\t\t\t\t\t\t\t\u201e<b>NASZ\u0104 MISJ\u0104<\/b> JEST ZNALEZIENIE <b>BEZPIECZNIEJSZYCH, WYDAJNIEJSZYCH<\/b> ORAZ <b>PRZYJAZNYCH \u015aRODOWISKU<\/b> ROZWI\u0104ZA\u0143 DLA PRZEMYS\u0141U MORSKIEGO I OKR\u0118TOWEGO\u201d\t\t\t\t\t\t\t\t<\/div>\n\t\t\t\t<\/div>\n\t\t\t\t\t<\/div>\n\t\t\t\t<\/div>\n\t\t\t\t<\/div>\n\t\t","protected":false},"excerpt":{"rendered":"<p>R&#038;D \u201eStawiamy na ci\u0105g\u0142y rozw\u00f3j\u201d Rozwijamy si\u0119 i konsekwentnie stawiamy sobie nowe cele, kt\u00f3re niejednokrotnie stanowi\u0105 kamienienie milowe w cyklu \u017cycia firmy. Aby sprosta\u0107 wymaganiom jakie stawia przed Nami wsp\u00f3\u0142czesny \u015bwiat, prowadzimy projekty, w tym projekty B+R, maj\u0105ce na celu opracowanie nowych technologii w bran\u017cy okr\u0119towej. Cz\u0119\u015b\u0107 projekt\u00f3w realizowana jest z wykorzystaniem wsparcia finansowego Komisji [&hellip;]<\/p>\n","protected":false},"author":1,"featured_media":0,"parent":0,"menu_order":0,"comment_status":"closed","ping_status":"closed","template":"templates\/page-builder-content.php","meta":{"footnotes":""},"class_list":["post-1178","page","type-page","status-publish","hentry"],"_links":{"self":[{"href":"https:\/\/mapalu-marine-innovations.pl\/pl\/wp-json\/wp\/v2\/pages\/1178","targetHints":{"allow":["GET"]}}],"collection":[{"href":"https:\/\/mapalu-marine-innovations.pl\/pl\/wp-json\/wp\/v2\/pages"}],"about":[{"href":"https:\/\/mapalu-marine-innovations.pl\/pl\/wp-json\/wp\/v2\/types\/page"}],"author":[{"embeddable":true,"href":"https:\/\/mapalu-marine-innovations.pl\/pl\/wp-json\/wp\/v2\/users\/1"}],"replies":[{"embeddable":true,"href":"https:\/\/mapalu-marine-innovations.pl\/pl\/wp-json\/wp\/v2\/comments?post=1178"}],"version-history":[{"count":13,"href":"https:\/\/mapalu-marine-innovations.pl\/pl\/wp-json\/wp\/v2\/pages\/1178\/revisions"}],"predecessor-version":[{"id":1458,"href":"https:\/\/mapalu-marine-innovations.pl\/pl\/wp-json\/wp\/v2\/pages\/1178\/revisions\/1458"}],"wp:attachment":[{"href":"https:\/\/mapalu-marine-innovations.pl\/pl\/wp-json\/wp\/v2\/media?parent=1178"}],"curies":[{"name":"wp","href":"https:\/\/api.w.org\/{rel}","templated":true}]}}