{"id":1151,"date":"2023-10-04T15:10:56","date_gmt":"2023-10-04T13:10:56","guid":{"rendered":"https:\/\/mapalu-marine-innovations.com\/?page_id=1151"},"modified":"2024-10-30T19:38:30","modified_gmt":"2024-10-30T18:38:30","slug":"pletwa-sterowa-hebla","status":"publish","type":"page","link":"https:\/\/mapalu-marine-innovations.pl\/pl\/pletwa-sterowa-hebla\/","title":{"rendered":"P\u0142etwa sterowa Hebla"},"content":{"rendered":"\t\t<div data-elementor-type=\"wp-page\" data-elementor-id=\"1151\" class=\"elementor elementor-1151 elementor-294\">\n\t\t\t\t\t\t<section class=\"elementor-section elementor-top-section elementor-element elementor-element-4c62666 elementor-section-stretched elementor-section-height-min-height elementor-section-boxed elementor-section-height-default elementor-section-items-middle\" data-id=\"4c62666\" data-element_type=\"section\" data-settings=\"{&quot;stretch_section&quot;:&quot;section-stretched&quot;,&quot;background_background&quot;:&quot;video&quot;,&quot;background_video_link&quot;:&quot;https:\\\/\\\/www.youtube.com\\\/watch?v=gB8lFaALl78&quot;,&quot;background_video_start&quot;:12}\">\n\t\t\t\t\t\t\t\t<div class=\"elementor-background-video-container elementor-hidden-mobile\">\n\t\t\t\t\t\t\t\t\t\t\t\t\t<div class=\"elementor-background-video-embed\"><\/div>\n\t\t\t\t\t\t\t\t\t\t\t\t<\/div>\n\t\t\t\t\t\t\t\t\t<div class=\"elementor-background-overlay\"><\/div>\n\t\t\t\t\t\t\t<div class=\"elementor-container elementor-column-gap-default\">\n\t\t\t\t\t<div class=\"aux-parallax-section elementor-column elementor-col-100 elementor-top-column elementor-element elementor-element-be52a4f\" data-id=\"be52a4f\" data-element_type=\"column\">\n\t\t\t<div class=\"elementor-widget-wrap elementor-element-populated\">\n\t\t\t\t\t\t<section class=\"elementor-section elementor-inner-section elementor-element elementor-element-6a4fe53 elementor-section-content-middle elementor-section-boxed elementor-section-height-default elementor-section-height-default\" data-id=\"6a4fe53\" data-element_type=\"section\">\n\t\t\t\t\t\t<div class=\"elementor-container elementor-column-gap-default\">\n\t\t\t\t\t<div class=\"aux-parallax-section elementor-column elementor-col-100 elementor-inner-column elementor-element elementor-element-6e4b257\" data-id=\"6e4b257\" data-element_type=\"column\">\n\t\t\t<div class=\"elementor-widget-wrap elementor-element-populated\">\n\t\t\t\t\t\t<div class=\"elementor-element elementor-element-d5c9e1a animated-slow elementor-invisible elementor-widget elementor-widget-heading\" data-id=\"d5c9e1a\" data-element_type=\"widget\" data-settings=\"{&quot;_animation&quot;:&quot;fadeIn&quot;,&quot;_animation_delay&quot;:4}\" data-widget_type=\"heading.default\">\n\t\t\t\t<div class=\"elementor-widget-container\">\n\t\t\t\t\t<h1 class=\"elementor-heading-title elementor-size-default\">P\u0141ETWA STEROWA<\/h1>\t\t\t\t<\/div>\n\t\t\t\t<\/div>\n\t\t\t\t<div class=\"elementor-element elementor-element-ff52408 animated-slow elementor-invisible elementor-widget elementor-widget-aux_modern_button\" data-id=\"ff52408\" data-element_type=\"widget\" data-settings=\"{&quot;_animation&quot;:&quot;fadeIn&quot;,&quot;_animation_delay&quot;:5}\" data-widget_type=\"aux_modern_button.default\">\n\t\t\t\t<div class=\"elementor-widget-container\">\n\t\t\t\t\t    <div class=\"aux-modern-button-wrapper aux-modern-button-align-center\" >\n                    <a class=\"aux-modern-button aux-black aux-modern-button-md aux-modern-button-normal aux-modern-button-default aux-icon-\" href=\"https:\/\/www.youtube.com\/watch?v=gB8lFaALl78\">\n                <div class=\"aux-overlay\"><\/div>\n                                <div class=\"aux-text\">\n<span class=\"aux-text-before\">ZOBACZ FILM<\/span>                <\/div>\n            <\/a>\n            \n    <\/div>\n\n    \t\t\t\t<\/div>\n\t\t\t\t<\/div>\n\t\t\t\t\t<\/div>\n\t\t<\/div>\n\t\t\t\t\t<\/div>\n\t\t<\/section>\n\t\t\t\t\t<\/div>\n\t\t<\/div>\n\t\t\t\t\t<\/div>\n\t\t<\/section>\n\t\t<div class=\"aux-parallax-section elementor-element elementor-element-a07641a e-flex e-con-boxed e-con e-parent\" data-id=\"a07641a\" data-element_type=\"container\" data-settings=\"{&quot;background_background&quot;:&quot;classic&quot;}\">\n\t\t\t\t\t<div class=\"e-con-inner\">\n\t\t<div class=\"elementor-element elementor-element-7c05fbc e-con-full e-flex e-con e-child\" data-id=\"7c05fbc\" data-element_type=\"container\">\n\t\t\t\t<div class=\"elementor-element elementor-element-4786093 elementor-widget__width-inherit elementor-widget elementor-widget-video\" data-id=\"4786093\" data-element_type=\"widget\" data-settings=\"{&quot;video_type&quot;:&quot;hosted&quot;,&quot;autoplay&quot;:&quot;yes&quot;,&quot;play_on_mobile&quot;:&quot;yes&quot;,&quot;mute&quot;:&quot;yes&quot;,&quot;loop&quot;:&quot;yes&quot;}\" data-widget_type=\"video.default\">\n\t\t\t\t<div class=\"elementor-widget-container\">\n\t\t\t\t\t\t\t<div class=\"e-hosted-video elementor-wrapper elementor-open-inline\">\n\t\t\t\t\t<video class=\"elementor-video\" src=\"https:\/\/mapalu-marine-innovations.pl\/wp-content\/uploads\/2019\/10\/ogolne_2.mp4\" autoplay=\"\" loop=\"\" muted=\"muted\" playsinline=\"\" controlsList=\"nodownload\"><\/video>\n\t\t\t\t<\/div>\n\t\t\t\t\t\t<\/div>\n\t\t\t\t<\/div>\n\t\t\t\t<\/div>\n\t\t<div class=\"elementor-element elementor-element-a8692b2 e-con-full e-flex e-con e-child\" data-id=\"a8692b2\" data-element_type=\"container\">\n\t\t\t\t<div class=\"elementor-element elementor-element-b0e29ab elementor-widget elementor-widget-text-editor\" data-id=\"b0e29ab\" data-element_type=\"widget\" data-widget_type=\"text-editor.default\">\n\t\t\t\t<div class=\"elementor-widget-container\">\n\t\t\t\t\t\t\t\t\tP\u0142etwa sterowa Hebla firmy Mapalu Pawe\u0142 \u0141uniewski jest autorsk\u0105 konstrukcj\u0105, charakteryzuj\u0105c\u0105 si\u0119 specyficznym kszta\u0142tem, kt\u00f3ry odr\u00f3\u017cnia j\u0105 od produkt\u00f3w konkurencyjnych. P\u0142etwa posiada kszta\u0142t zw\u0119\u017caj\u0105cej si\u0119 skrzyni przelotowej.\t\t\t\t\t\t\t\t<\/div>\n\t\t\t\t<\/div>\n\t\t\t\t<div class=\"elementor-element elementor-element-5f80116 elementor-widget elementor-widget-text-editor\" data-id=\"5f80116\" data-element_type=\"widget\" data-widget_type=\"text-editor.default\">\n\t\t\t\t<div class=\"elementor-widget-container\">\n\t\t\t\t\t\t\t\t\tP\u0142etwa Hebla zapewnia stateczno\u015b\u0107 kursow\u0105 nawet w warunkach wzburzonego morza.\t\t\t\t\t\t\t\t<\/div>\n\t\t\t\t<\/div>\n\t\t\t\t<div class=\"elementor-element elementor-element-f07999d elementor-widget elementor-widget-text-editor\" data-id=\"f07999d\" data-element_type=\"widget\" data-widget_type=\"text-editor.default\">\n\t\t\t\t<div class=\"elementor-widget-container\">\n\t\t\t\t\t\t\t\t\t<p>Przy ma\u0142ych k\u0105tach wychy\u0142u steru (0\u00b0-10\u00b0), jednostkowa <b>si\u0142a naporu steru jest nawet dwa razy wi\u0119ksza<\/b>. W\u0142a\u015bciwo\u015b\u0107 ta <b>poprawia stateczno\u015b\u0107 kursow\u0105<\/b>, poniewa\u017c jednostka p\u0142ywaj\u0105ca w kr\u00f3tkim czasie reaguje na dan\u0105 pozycj\u0119 steru, a to umo\u017cliwia szybk\u0105 korekt\u0119 kursu. Cecha ta powoduje spadek ca\u0142kowitego oporu kad\u0142uba, co <b>zmniejsza zu\u017cycie paliwa<\/b> przez silnik nap\u0119dowy statku.<\/p>\t\t\t\t\t\t\t\t<\/div>\n\t\t\t\t<\/div>\n\t\t\t\t<\/div>\n\t\t\t\t\t<\/div>\n\t\t\t\t<\/div>\n\t\t<div class=\"aux-parallax-section elementor-element elementor-element-8479269 e-flex e-con-boxed e-con e-parent\" data-id=\"8479269\" data-element_type=\"container\">\n\t\t\t\t\t<div class=\"e-con-inner\">\n\t\t\t\t<div class=\"elementor-element elementor-element-3ba3e5e elementor-widget elementor-widget-text-editor\" data-id=\"3ba3e5e\" data-element_type=\"widget\" data-widget_type=\"text-editor.default\">\n\t\t\t\t<div class=\"elementor-widget-container\">\n\t\t\t\t\t\t\t\t\t<p>Podczas pracy p\u0142etwy sterowej opracowanej przez firm\u0119 <i>Mapalu Pawe\u0142 \u0141uniewski<\/i> generowane s\u0105 znaczne si\u0142y naporu przy niewielkich pr\u0119dko\u015bciach. Pozwala to na jej zastosowanie w basenach portowych, <b>u\u0142atwiaj\u0105c manewrowanie<\/b> szczeg\u00f3lnie takim jednostkom, kt\u00f3re nie posiadaj\u0105 rufowych ster\u00f3w strumieniowych.<\/p>\t\t\t\t\t\t\t\t<\/div>\n\t\t\t\t<\/div>\n\t\t\t\t\t<\/div>\n\t\t\t\t<\/div>\n\t\t<div class=\"aux-parallax-section elementor-element elementor-element-27841f8 e-flex e-con-boxed e-con e-parent\" data-id=\"27841f8\" data-element_type=\"container\">\n\t\t\t\t\t<div class=\"e-con-inner\">\n\t\t\t\t<div class=\"elementor-element elementor-element-c19849e elementor-widget__width-initial elementor-widget-mobile__width-initial elementor-widget elementor-widget-image\" data-id=\"c19849e\" data-element_type=\"widget\" data-widget_type=\"image.default\">\n\t\t\t\t<div class=\"elementor-widget-container\">\n\t\t\t\t\t\t\t\t\t\t\t\t\t\t\t\t<a href=\"https:\/\/mapalu-marine-innovations.pl\/wp-content\/uploads\/2023\/10\/DSC02580.jpg\" data-elementor-open-lightbox=\"yes\" data-elementor-lightbox-title=\"DSC02580\" data-e-action-hash=\"#elementor-action%3Aaction%3Dlightbox%26settings%3DeyJpZCI6MTEzMiwidXJsIjoiaHR0cHM6XC9cL21hcGFsdS1tYXJpbmUtaW5ub3ZhdGlvbnMucGxcL3dwLWNvbnRlbnRcL3VwbG9hZHNcLzIwMjNcLzEwXC9EU0MwMjU4MC5qcGcifQ%3D%3D\">\n\t\t\t\t\t\t\t<img fetchpriority=\"high\" decoding=\"async\" width=\"1000\" height=\"666\" src=\"https:\/\/mapalu-marine-innovations.pl\/wp-content\/uploads\/2023\/10\/DSC02580.jpg\" class=\"attachment-full size-full wp-image-1132\" alt=\"\" \/>\t\t\t\t\t\t\t\t<\/a>\n\t\t\t\t\t\t\t\t\t\t\t\t\t\t\t<\/div>\n\t\t\t\t<\/div>\n\t\t\t\t<div class=\"elementor-element elementor-element-6f7f717 elementor-widget elementor-widget-image\" data-id=\"6f7f717\" data-element_type=\"widget\" data-widget_type=\"image.default\">\n\t\t\t\t<div class=\"elementor-widget-container\">\n\t\t\t\t\t\t\t\t\t\t\t\t\t\t\t\t<a href=\"https:\/\/mapalu-marine-innovations.pl\/wp-content\/uploads\/2023\/10\/IMG-20200829-WA0017.jpg\" data-elementor-open-lightbox=\"yes\" data-elementor-lightbox-title=\"IMG-20200829-WA0017\" data-e-action-hash=\"#elementor-action%3Aaction%3Dlightbox%26settings%3DeyJpZCI6MTEzMCwidXJsIjoiaHR0cHM6XC9cL21hcGFsdS1tYXJpbmUtaW5ub3ZhdGlvbnMucGxcL3dwLWNvbnRlbnRcL3VwbG9hZHNcLzIwMjNcLzEwXC9JTUctMjAyMDA4MjktV0EwMDE3LmpwZyJ9\">\n\t\t\t\t\t\t\t<img decoding=\"async\" width=\"1200\" height=\"1600\" src=\"https:\/\/mapalu-marine-innovations.pl\/wp-content\/uploads\/2023\/10\/IMG-20200829-WA0017.jpg\" class=\"attachment-full size-full wp-image-1130\" alt=\"\" srcset=\"https:\/\/mapalu-marine-innovations.pl\/wp-content\/uploads\/2023\/10\/IMG-20200829-WA0017.jpg 1200w, https:\/\/mapalu-marine-innovations.pl\/wp-content\/uploads\/2023\/10\/IMG-20200829-WA0017-1152x1536.jpg 1152w\" sizes=\"(max-width: 1200px) 100vw, 1200px\" \/>\t\t\t\t\t\t\t\t<\/a>\n\t\t\t\t\t\t\t\t\t\t\t\t\t\t\t<\/div>\n\t\t\t\t<\/div>\n\t\t\t\t\t<\/div>\n\t\t\t\t<\/div>\n\t\t\t\t<\/div>\n\t\t","protected":false},"excerpt":{"rendered":"<p>P\u0141ETWA STEROWA ZOBACZ FILM https:\/\/mapalu-marine-innovations.pl\/wp-content\/uploads\/2019\/10\/ogolne_2.mp4P\u0142etwa sterowa Hebla firmy Mapalu Pawe\u0142 \u0141uniewski jest autorsk\u0105 konstrukcj\u0105, charakteryzuj\u0105c\u0105 si\u0119 specyficznym kszta\u0142tem, kt\u00f3ry odr\u00f3\u017cnia j\u0105 od produkt\u00f3w konkurencyjnych. P\u0142etwa posiada kszta\u0142t zw\u0119\u017caj\u0105cej si\u0119 skrzyni przelotowej.P\u0142etwa Hebla zapewnia stateczno\u015b\u0107 kursow\u0105 nawet w warunkach wzburzonego morza. Przy ma\u0142ych k\u0105tach wychy\u0142u steru (0\u00b0-10\u00b0), jednostkowa si\u0142a naporu steru jest nawet dwa razy wi\u0119ksza. [&hellip;]<\/p>\n","protected":false},"author":1,"featured_media":0,"parent":0,"menu_order":0,"comment_status":"closed","ping_status":"closed","template":"templates\/page-builder-content.php","meta":{"footnotes":""},"class_list":["post-1151","page","type-page","status-publish","hentry"],"_links":{"self":[{"href":"https:\/\/mapalu-marine-innovations.pl\/pl\/wp-json\/wp\/v2\/pages\/1151","targetHints":{"allow":["GET"]}}],"collection":[{"href":"https:\/\/mapalu-marine-innovations.pl\/pl\/wp-json\/wp\/v2\/pages"}],"about":[{"href":"https:\/\/mapalu-marine-innovations.pl\/pl\/wp-json\/wp\/v2\/types\/page"}],"author":[{"embeddable":true,"href":"https:\/\/mapalu-marine-innovations.pl\/pl\/wp-json\/wp\/v2\/users\/1"}],"replies":[{"embeddable":true,"href":"https:\/\/mapalu-marine-innovations.pl\/pl\/wp-json\/wp\/v2\/comments?post=1151"}],"version-history":[{"count":70,"href":"https:\/\/mapalu-marine-innovations.pl\/pl\/wp-json\/wp\/v2\/pages\/1151\/revisions"}],"predecessor-version":[{"id":1589,"href":"https:\/\/mapalu-marine-innovations.pl\/pl\/wp-json\/wp\/v2\/pages\/1151\/revisions\/1589"}],"wp:attachment":[{"href":"https:\/\/mapalu-marine-innovations.pl\/pl\/wp-json\/wp\/v2\/media?parent=1151"}],"curies":[{"name":"wp","href":"https:\/\/api.w.org\/{rel}","templated":true}]}}