{"id":1054,"date":"2023-10-03T16:36:17","date_gmt":"2023-10-03T14:36:17","guid":{"rendered":"https:\/\/mapalu-marine-innovations.com\/?page_id=1054"},"modified":"2023-10-06T09:24:28","modified_gmt":"2023-10-06T07:24:28","slug":"obwodowy-ster-strumieniowy","status":"publish","type":"page","link":"https:\/\/mapalu-marine-innovations.pl\/pl\/obwodowy-ster-strumieniowy\/","title":{"rendered":"Obwodowy ster strumieniowy"},"content":{"rendered":"\t\t<div data-elementor-type=\"wp-page\" data-elementor-id=\"1054\" class=\"elementor elementor-1054\">\n\t\t\t\t<div class=\"aux-parallax-section elementor-element elementor-element-d216614 e-flex e-con-boxed e-con e-parent\" data-id=\"d216614\" data-element_type=\"container\">\n\t\t\t\t\t<div class=\"e-con-inner\">\n\t\t\t\t<div class=\"elementor-element elementor-element-a386bc3 elementor-widget elementor-widget-heading\" data-id=\"a386bc3\" data-element_type=\"widget\" data-widget_type=\"heading.default\">\n\t\t\t\t<div class=\"elementor-widget-container\">\n\t\t\t\t\t<h2 class=\"elementor-heading-title elementor-size-default\">Obwodowy ster strumieniowy<\/h2>\t\t\t\t<\/div>\n\t\t\t\t<\/div>\n\t\t<div class=\"elementor-element elementor-element-6a3d861 e-con-full e-flex e-con e-child\" data-id=\"6a3d861\" data-element_type=\"container\">\n\t\t<div class=\"elementor-element elementor-element-bf374ea e-con-full e-flex e-con e-child\" data-id=\"bf374ea\" data-element_type=\"container\">\n\t\t\t\t<div class=\"elementor-element elementor-element-9adac0b elementor-widget elementor-widget-image\" data-id=\"9adac0b\" data-element_type=\"widget\" data-widget_type=\"image.default\">\n\t\t\t\t<div class=\"elementor-widget-container\">\n\t\t\t\t\t\t\t\t\t\t\t\t\t\t\t\t<a href=\"https:\/\/mapalu-marine-innovations.pl\/wp-content\/uploads\/2023\/10\/ster.jpg\" data-elementor-open-lightbox=\"yes\" data-elementor-lightbox-title=\"ster\" data-e-action-hash=\"#elementor-action%3Aaction%3Dlightbox%26settings%3DeyJpZCI6MTA4OSwidXJsIjoiaHR0cHM6XC9cL21hcGFsdS1tYXJpbmUtaW5ub3ZhdGlvbnMucGxcL3dwLWNvbnRlbnRcL3VwbG9hZHNcLzIwMjNcLzEwXC9zdGVyLmpwZyJ9\">\n\t\t\t\t\t\t\t<img fetchpriority=\"high\" decoding=\"async\" width=\"600\" height=\"1331\" src=\"https:\/\/mapalu-marine-innovations.pl\/wp-content\/uploads\/2023\/10\/ster.jpg\" class=\"attachment-full size-full wp-image-1089\" alt=\"\" \/>\t\t\t\t\t\t\t\t<\/a>\n\t\t\t\t\t\t\t\t\t\t\t\t\t\t\t<\/div>\n\t\t\t\t<\/div>\n\t\t\t\t<\/div>\n\t\t<div class=\"elementor-element elementor-element-65c4559 e-con-full e-flex e-con e-child\" data-id=\"65c4559\" data-element_type=\"container\">\n\t\t\t\t<div class=\"elementor-element elementor-element-c0625a3 elementor-widget elementor-widget-text-editor\" data-id=\"c0625a3\" data-element_type=\"widget\" data-widget_type=\"text-editor.default\">\n\t\t\t\t<div class=\"elementor-widget-container\">\n\t\t\t\t\t\t\t\t\tObwodowy ster strumieniowy stanowi innowacyjne na skal\u0119 mi\u0119dzynarodow\u0105 rozwi\u0105zanie technologiczne dla przemys\u0142u stoczniowego. Technologia ta jest efektem kilkuletnich bada\u0144 przeprowadzonych we wsp\u00f3\u0142pracy z Centrum Techniki Okr\u0119towej (CTO S.A.) oraz Politechnik\u0105 Gda\u0144sk\u0105. G\u0142\u00f3wn\u0105 zalet\u0105 opracowanego rozwi\u0105zania jest wzrost manewrowo\u015bci jednostki p\u0142ywaj\u0105cej zar\u00f3wno w portach, jak i podczas ruchu na wodach \u015br\u00f3dl\u0105dowych oraz morskich, co niew\u0105tpliwie przyczynia si\u0119 do poprawy bezpiecze\u0144stwa w transporcie wodnym.\n\t\t\t\t\t\t\t\t<\/div>\n\t\t\t\t<\/div>\n\t\t\t\t<div class=\"elementor-element elementor-element-50f6474 elementor-widget elementor-widget-text-editor\" data-id=\"50f6474\" data-element_type=\"widget\" data-widget_type=\"text-editor.default\">\n\t\t\t\t<div class=\"elementor-widget-container\">\n\t\t\t\t\t\t\t\t\t<p><b>Unikaln\u0105 cech\u0105<\/b> obwodowego steru strumieniowego jest miejsce jego instalacji. Wi\u0119kszo\u015b\u0107 produkt\u00f3w konkurencyjnych dost\u0119pnych na rynku montowana jest w tunelu poprzecznym znajduj\u0105cym si\u0119 w kad\u0142ubie jednostki p\u0142ywaj\u0105cej. Rozwi\u0105zanie Mapalu Pawe\u0142 \u0141uniewski opiera si\u0119 na <b>braku tunelu poprzecznego<\/b> i umieszczeniu steru w dedykowanej <b>komorze<\/b>, z kt\u00f3rej ster si\u0119 wysuwa, gdy jest w u\u017cyciu. Brak tunelu zapewnia u\u017cytkownikom jednostki p\u0142ywaj\u0105cej zar\u00f3wno dodatkow\u0105 przestrze\u0144 w kad\u0142ubie statku, jak i dost\u0119p od wewn\u0119trznej strony do kad\u0142uba oraz rufy.<\/p>\t\t\t\t\t\t\t\t<\/div>\n\t\t\t\t<\/div>\n\t\t\t\t<\/div>\n\t\t\t\t<\/div>\n\t\t\t\t\t<\/div>\n\t\t\t\t<\/div>\n\t\t<div class=\"aux-parallax-section elementor-element elementor-element-e12c449 e-grid e-con-boxed elementor-invisible e-con e-parent\" data-id=\"e12c449\" data-element_type=\"container\" data-settings=\"{&quot;animation&quot;:&quot;fadeIn&quot;}\">\n\t\t\t\t\t<div class=\"e-con-inner\">\n\t\t<div class=\"elementor-element elementor-element-902ca46 e-flex e-con-boxed e-con e-child\" data-id=\"902ca46\" data-element_type=\"container\">\n\t\t\t\t\t<div class=\"e-con-inner\">\n\t\t\t\t<div class=\"elementor-element elementor-element-355885d elementor-widget elementor-widget-image\" data-id=\"355885d\" data-element_type=\"widget\" data-widget_type=\"image.default\">\n\t\t\t\t<div class=\"elementor-widget-container\">\n\t\t\t\t\t\t\t\t\t\t\t\t\t\t\t\t<a href=\"https:\/\/mapalu-marine-innovations.pl\/wp-content\/uploads\/2023\/10\/Zespol-widok-1.1.jpg\" data-elementor-open-lightbox=\"yes\" data-elementor-lightbox-title=\"Zespo\u0301\u0142 widok 1.1\" data-e-action-hash=\"#elementor-action%3Aaction%3Dlightbox%26settings%3DeyJpZCI6MTA2MywidXJsIjoiaHR0cHM6XC9cL21hcGFsdS1tYXJpbmUtaW5ub3ZhdGlvbnMucGxcL3dwLWNvbnRlbnRcL3VwbG9hZHNcLzIwMjNcLzEwXC9aZXNwb2wtd2lkb2stMS4xLmpwZyJ9\">\n\t\t\t\t\t\t\t<img decoding=\"async\" width=\"940\" height=\"748\" src=\"https:\/\/mapalu-marine-innovations.pl\/wp-content\/uploads\/2023\/10\/Zespol-widok-1.1.jpg\" class=\"attachment-large size-large wp-image-1063\" alt=\"\" \/>\t\t\t\t\t\t\t\t<\/a>\n\t\t\t\t\t\t\t\t\t\t\t\t\t\t\t<\/div>\n\t\t\t\t<\/div>\n\t\t\t\t<div class=\"elementor-element elementor-element-211edab elementor-widget elementor-widget-text-editor\" data-id=\"211edab\" data-element_type=\"widget\" data-widget_type=\"text-editor.default\">\n\t\t\t\t<div class=\"elementor-widget-container\">\n\t\t\t\t\t\t\t\t\tSter wysuni\u0119ty\t\t\t\t\t\t\t\t<\/div>\n\t\t\t\t<\/div>\n\t\t\t\t\t<\/div>\n\t\t\t\t<\/div>\n\t\t<div class=\"elementor-element elementor-element-1f23816 e-flex e-con-boxed e-con e-child\" data-id=\"1f23816\" data-element_type=\"container\">\n\t\t\t\t\t<div class=\"e-con-inner\">\n\t\t\t\t<div class=\"elementor-element elementor-element-3a5c432 elementor-widget elementor-widget-image\" data-id=\"3a5c432\" data-element_type=\"widget\" data-widget_type=\"image.default\">\n\t\t\t\t<div class=\"elementor-widget-container\">\n\t\t\t\t\t\t\t\t\t\t\t\t\t\t\t\t<a href=\"https:\/\/mapalu-marine-innovations.pl\/wp-content\/uploads\/2023\/10\/Zespol-widok-2.1.jpg\" data-elementor-open-lightbox=\"yes\" data-elementor-lightbox-title=\"Zespo\u0301\u0142 widok 2.1\" data-e-action-hash=\"#elementor-action%3Aaction%3Dlightbox%26settings%3DeyJpZCI6MTA2NSwidXJsIjoiaHR0cHM6XC9cL21hcGFsdS1tYXJpbmUtaW5ub3ZhdGlvbnMucGxcL3dwLWNvbnRlbnRcL3VwbG9hZHNcLzIwMjNcLzEwXC9aZXNwb2wtd2lkb2stMi4xLmpwZyJ9\">\n\t\t\t\t\t\t\t<img decoding=\"async\" width=\"940\" height=\"789\" src=\"https:\/\/mapalu-marine-innovations.pl\/wp-content\/uploads\/2023\/10\/Zespol-widok-2.1.jpg\" class=\"attachment-large size-large wp-image-1065\" alt=\"\" \/>\t\t\t\t\t\t\t\t<\/a>\n\t\t\t\t\t\t\t\t\t\t\t\t\t\t\t<\/div>\n\t\t\t\t<\/div>\n\t\t\t\t<div class=\"elementor-element elementor-element-c3fd445 elementor-widget elementor-widget-text-editor\" data-id=\"c3fd445\" data-element_type=\"widget\" data-widget_type=\"text-editor.default\">\n\t\t\t\t<div class=\"elementor-widget-container\">\n\t\t\t\t\t\t\t\t\tSter schowany\t\t\t\t\t\t\t\t<\/div>\n\t\t\t\t<\/div>\n\t\t\t\t\t<\/div>\n\t\t\t\t<\/div>\n\t\t\t\t\t<\/div>\n\t\t\t\t<\/div>\n\t\t<div class=\"aux-parallax-section elementor-element elementor-element-c61b0bf e-flex e-con-boxed e-con e-parent\" data-id=\"c61b0bf\" data-element_type=\"container\">\n\t\t\t\t\t<div class=\"e-con-inner\">\n\t\t\t\t<div class=\"elementor-element elementor-element-03c5554 elementor-widget elementor-widget-text-editor\" data-id=\"03c5554\" data-element_type=\"widget\" data-widget_type=\"text-editor.default\">\n\t\t\t\t<div class=\"elementor-widget-container\">\n\t\t\t\t\t\t\t\t\t<p>Obwodowy ster strumieniowy mo\u017ce by\u0107 z powodzeniem stosowany przy <b>pr\u0119dko\u015bci powy\u017cej 8 w\u0119z\u0142\u00f3w<\/b>, co stanowi g\u0142\u00f3wn\u0105 zalet\u0119 tego rozwi\u0105zania. W por\u00f3wnaniu z innymi produktami tego typu, wi\u0119kszo\u015b\u0107 ster\u00f3w strumieniowych stosowana jest przy pr\u0119dko\u015bci nieprzekraczaj\u0105cej 4 w\u0119z\u0142\u00f3w. Co wa\u017cne, praca steru opracowanego przez Mapalu Pawe\u0142 \u0141uniewski nie zwi\u0119ksza mocy nominalnej silnika nap\u0119dowego steru. Oznacza to, \u017ce wraz ze wzrostem pr\u0119dko\u015bci statku, obwodowy ster strumieniowy wykonuje manewr bez generowania dodatkowego zapotrzebowania na energi\u0119. Jest to niew\u0105tpliwie <b>po\u017c\u0105dana cecha<\/b> zar\u00f3wno z <b>ekonomicznego<\/b>, jak i <b>ekologicznego punktu widzenia<\/b>.<\/p>\t\t\t\t\t\t\t\t<\/div>\n\t\t\t\t<\/div>\n\t\t\t\t<div class=\"elementor-element elementor-element-a321d35 elementor-widget elementor-widget-image\" data-id=\"a321d35\" data-element_type=\"widget\" data-widget_type=\"image.default\">\n\t\t\t\t<div class=\"elementor-widget-container\">\n\t\t\t\t\t\t\t\t\t\t\t\t\t\t\t\t<a href=\"https:\/\/mapalu-marine-innovations.pl\/wp-content\/uploads\/2023\/10\/obwodowy-ster-strumieniowy.jpg\" data-elementor-open-lightbox=\"yes\" data-elementor-lightbox-title=\"obwodowy ster strumieniowy\" data-e-action-hash=\"#elementor-action%3Aaction%3Dlightbox%26settings%3DeyJpZCI6MTA5MSwidXJsIjoiaHR0cHM6XC9cL21hcGFsdS1tYXJpbmUtaW5ub3ZhdGlvbnMucGxcL3dwLWNvbnRlbnRcL3VwbG9hZHNcLzIwMjNcLzEwXC9vYndvZG93eS1zdGVyLXN0cnVtaWVuaW93eS5qcGcifQ%3D%3D\">\n\t\t\t\t\t\t\t<img loading=\"lazy\" decoding=\"async\" width=\"1920\" height=\"659\" src=\"https:\/\/mapalu-marine-innovations.pl\/wp-content\/uploads\/2023\/10\/obwodowy-ster-strumieniowy.jpg\" class=\"attachment-full size-full wp-image-1091\" alt=\"\" srcset=\"https:\/\/mapalu-marine-innovations.pl\/wp-content\/uploads\/2023\/10\/obwodowy-ster-strumieniowy.jpg 1920w, https:\/\/mapalu-marine-innovations.pl\/wp-content\/uploads\/2023\/10\/obwodowy-ster-strumieniowy-1536x527.jpg 1536w\" sizes=\"(max-width: 1920px) 100vw, 1920px\" \/>\t\t\t\t\t\t\t\t<\/a>\n\t\t\t\t\t\t\t\t\t\t\t\t\t\t\t<\/div>\n\t\t\t\t<\/div>\n\t\t\t\t<div class=\"elementor-element elementor-element-48cc053 elementor-widget elementor-widget-text-editor\" data-id=\"48cc053\" data-element_type=\"widget\" data-widget_type=\"text-editor.default\">\n\t\t\t\t<div class=\"elementor-widget-container\">\n\t\t\t\t\t\t\t\t\tWidoczny obwodowy ster strumieniowy zainstalowany na zaprojektowanej i zbudowanej przez Mapalu Pawe\u0142 \u0141uniewski jednostce p\u0142ywaj\u0105cej\t\t\t\t\t\t\t\t<\/div>\n\t\t\t\t<\/div>\n\t\t\t\t\t<\/div>\n\t\t\t\t<\/div>\n\t\t\t\t<\/div>\n\t\t","protected":false},"excerpt":{"rendered":"<p>Obwodowy ster strumieniowy Obwodowy ster strumieniowy stanowi innowacyjne na skal\u0119 mi\u0119dzynarodow\u0105 rozwi\u0105zanie technologiczne dla przemys\u0142u stoczniowego. Technologia ta jest efektem kilkuletnich bada\u0144 przeprowadzonych we wsp\u00f3\u0142pracy z Centrum Techniki Okr\u0119towej (CTO S.A.) oraz Politechnik\u0105 Gda\u0144sk\u0105. G\u0142\u00f3wn\u0105 zalet\u0105 opracowanego rozwi\u0105zania jest wzrost manewrowo\u015bci jednostki p\u0142ywaj\u0105cej zar\u00f3wno w portach, jak i podczas ruchu na wodach \u015br\u00f3dl\u0105dowych oraz morskich, [&hellip;]<\/p>\n","protected":false},"author":1,"featured_media":0,"parent":0,"menu_order":0,"comment_status":"closed","ping_status":"closed","template":"templates\/page-builder-content.php","meta":{"footnotes":""},"class_list":["post-1054","page","type-page","status-publish","hentry"],"_links":{"self":[{"href":"https:\/\/mapalu-marine-innovations.pl\/pl\/wp-json\/wp\/v2\/pages\/1054","targetHints":{"allow":["GET"]}}],"collection":[{"href":"https:\/\/mapalu-marine-innovations.pl\/pl\/wp-json\/wp\/v2\/pages"}],"about":[{"href":"https:\/\/mapalu-marine-innovations.pl\/pl\/wp-json\/wp\/v2\/types\/page"}],"author":[{"embeddable":true,"href":"https:\/\/mapalu-marine-innovations.pl\/pl\/wp-json\/wp\/v2\/users\/1"}],"replies":[{"embeddable":true,"href":"https:\/\/mapalu-marine-innovations.pl\/pl\/wp-json\/wp\/v2\/comments?post=1054"}],"version-history":[{"count":56,"href":"https:\/\/mapalu-marine-innovations.pl\/pl\/wp-json\/wp\/v2\/pages\/1054\/revisions"}],"predecessor-version":[{"id":1278,"href":"https:\/\/mapalu-marine-innovations.pl\/pl\/wp-json\/wp\/v2\/pages\/1054\/revisions\/1278"}],"wp:attachment":[{"href":"https:\/\/mapalu-marine-innovations.pl\/pl\/wp-json\/wp\/v2\/media?parent=1054"}],"curies":[{"name":"wp","href":"https:\/\/api.w.org\/{rel}","templated":true}]}}