{"id":1049,"date":"2023-10-03T16:27:24","date_gmt":"2023-10-03T14:27:24","guid":{"rendered":"https:\/\/mapalu-marine-innovations.com\/?page_id=1049"},"modified":"2023-10-05T14:59:40","modified_gmt":"2023-10-05T12:59:40","slug":"o-nas","status":"publish","type":"page","link":"https:\/\/mapalu-marine-innovations.pl\/pl\/o-nas\/","title":{"rendered":"O nas"},"content":{"rendered":"\t\t<div data-elementor-type=\"wp-page\" data-elementor-id=\"1049\" class=\"elementor elementor-1049 elementor-569\">\n\t\t\t\t\t\t<section class=\"elementor-section elementor-top-section elementor-element elementor-element-d38b463 elementor-section-boxed elementor-section-height-default elementor-section-height-default\" data-id=\"d38b463\" data-element_type=\"section\">\n\t\t\t\t\t\t<div class=\"elementor-container elementor-column-gap-default\">\n\t\t\t\t\t<div class=\"aux-parallax-section elementor-column elementor-col-100 elementor-top-column elementor-element elementor-element-887ed15\" data-id=\"887ed15\" data-element_type=\"column\">\n\t\t\t<div class=\"elementor-widget-wrap elementor-element-populated\">\n\t\t\t\t\t\t<div class=\"elementor-element elementor-element-32b5b2d elementor-widget elementor-widget-heading\" data-id=\"32b5b2d\" data-element_type=\"widget\" data-widget_type=\"heading.default\">\n\t\t\t\t<div class=\"elementor-widget-container\">\n\t\t\t\t\t<h2 class=\"elementor-heading-title elementor-size-default\">O NAS<\/h2>\t\t\t\t<\/div>\n\t\t\t\t<\/div>\n\t\t\t\t\t<\/div>\n\t\t<\/div>\n\t\t\t\t\t<\/div>\n\t\t<\/section>\n\t\t\t\t<section class=\"elementor-section elementor-top-section elementor-element elementor-element-852a6c7 elementor-section-boxed elementor-section-height-default elementor-section-height-default\" data-id=\"852a6c7\" data-element_type=\"section\">\n\t\t\t\t\t\t<div class=\"elementor-container elementor-column-gap-default\">\n\t\t\t\t\t<div class=\"aux-parallax-section elementor-column elementor-col-100 elementor-top-column elementor-element elementor-element-d75642c\" data-id=\"d75642c\" data-element_type=\"column\">\n\t\t\t<div class=\"elementor-widget-wrap elementor-element-populated\">\n\t\t\t\t\t\t<div class=\"elementor-element elementor-element-9ec5b79 elementor-widget elementor-widget-text-editor\" data-id=\"9ec5b79\" data-element_type=\"widget\" data-widget_type=\"text-editor.default\">\n\t\t\t\t<div class=\"elementor-widget-container\">\n\t\t\t\t\t\t\t\t\tFirma Mapalu Pawe\u0142 \u0141uniewski powsta\u0142a w 2013 roku. Zajmujemy si\u0119 kompleksow\u0105 produkcj\u0105 wyrob\u00f3w wykonanych ze <b>stali<\/b> i <b>aluminium<\/b>. Oferujemy us\u0142ugi\u00a0<a href=\"https:\/\/www.mapalu.pl\/oferta\/\" target=\"_blank\" rel=\"noopener\"><b>obr\u00f3bki metali CNC<\/b><\/a>. Produkujemy ci\u0119\u017ckie konstrukcje stalowe\u00a0<a href=\"https:\/\/www.mapalu.pl\/realizacje-przemyslowe\/\" target=\"_blank\" rel=\"noopener\"><b>(portfolio przemys\u0142owe)<\/b><\/a>, elementy wyposa\u017cenia wn\u0119trz, ogrod\u00f3w i przestrzeni miejskich\u00a0<a href=\"https:\/\/www.mapalu.pl\/portfolio\/\" target=\"_blank\" rel=\"noopener\"><b>(portfolio)<\/b><\/a>, a tak\u017ce cz\u0119\u015bci maszyn i urz\u0105dze\u0144. Na co dzie\u0144 wsp\u00f3\u0142pracujemy z polskimi i zagranicznymi klientami indywidualnymi, oraz z ma\u0142ymi, \u015brednimi i du\u017cymi przedsi\u0119biorstwami. Od pocz\u0105tku istnienia firmy zrealizowali\u015bmy wiele projekt\u00f3w we wsp\u00f3\u0142pracy z architektami oraz dekoratorami wn\u0119trz. Rozwijamy si\u0119, staraj\u0105c si\u0119 sprosta\u0107 wymaganiom zmieniaj\u0105cego si\u0119 \u015bwiata. Nie boimy si\u0119 <b>wyzwa\u0144<\/b> ani nieszablonowych pomys\u0142\u00f3w. Wsp\u00f3\u0142pracujemy z lokalnymi artystami, a efekty wsp\u00f3lnych projekt\u00f3w mo\u017cna podziwia\u0107 w tr\u00f3jmiejskich przestrzeniach miejskich oraz na czasowych wystawach po\u015bwi\u0119conych sztuce lub historii <b><a href=\"https:\/\/www.mapalu.pl\/portfolio\/\" target=\"_blank\" rel=\"noopener\">(portfolio)<\/a><\/b>.\t\t\t\t\t\t\t\t<\/div>\n\t\t\t\t<\/div>\n\t\t\t\t<div class=\"elementor-element elementor-element-7e56231 elementor-widget elementor-widget-text-editor\" data-id=\"7e56231\" data-element_type=\"widget\" data-widget_type=\"text-editor.default\">\n\t\t\t\t<div class=\"elementor-widget-container\">\n\t\t\t\t\t\t\t\t\t<p>Historia firmy od samego pocz\u0105tku jest zwi\u0105zana z bran\u017c\u0105 okr\u0119tow\u0105. W 2018 roku utworzyli\u015bmy dzia\u0142 <b>Bada\u0144 i Rozwoju<\/b>. Wynikiem wsp\u00f3\u0142pracy Naszych in\u017cynier\u00f3w z instytucjami naukowymi i badawczymi s\u0105 <b>innowacyjne<\/b> w skali mi\u0119dzynarodowej produkty. <b>Obwodowy ster strumieniowy<\/b> zaprojektowany przez Mapalu Pawe\u0142 \u0141uniewski to technologia poprawiaj\u0105ca w spos\u00f3b znacz\u0105cy manewrowo\u015b\u0107 jednostki p\u0142ywaj\u0105cej oraz przyczyniaj\u0105ca si\u0119 do podniesienia bezpiecze\u0144stwa na akwenie wodnym. Opracowany przez Nas ster mo\u017ce z powodzeniem by\u0107 stosowany przy znacznie wi\u0119kszych pr\u0119dko\u015bciach w por\u00f3wnaniu do konkurencyjnych produkt\u00f3w dost\u0119pnych na rynku.<\/p>\n<p><b> P\u0142etwa sterowa Hebla<\/b> jest Naszym rozwi\u0105zaniem na popraw\u0119 stateczno\u015bci kursowej jednostki, kt\u00f3ra ma istotne znaczenie szczeg\u00f3lnie w warunkach wzburzonego morza.<\/p>\n<p>Naszym celem jest ulepszanie produkt\u00f3w ju\u017c istniej\u0105cych oraz wprowadzanie na rynek nowych i odwa\u017cnych rozwi\u0105za\u0144 konstrukcyjnych i technologicznych.<\/p>\t\t\t\t\t\t\t\t<\/div>\n\t\t\t\t<\/div>\n\t\t\t\t<div class=\"elementor-element elementor-element-bac51f5 elementor-widget elementor-widget-text-editor\" data-id=\"bac51f5\" data-element_type=\"widget\" data-widget_type=\"text-editor.default\">\n\t\t\t\t<div class=\"elementor-widget-container\">\n\t\t\t\t\t\t\t\t\tJeste\u015bmy gotowi na nowe wyzwania.\t\t\t\t\t\t\t\t<\/div>\n\t\t\t\t<\/div>\n\t\t\t\t<div class=\"elementor-element elementor-element-c6cec67 elementor-widget elementor-widget-text-editor\" data-id=\"c6cec67\" data-element_type=\"widget\" data-widget_type=\"text-editor.default\">\n\t\t\t\t<div class=\"elementor-widget-container\">\n\t\t\t\t\t\t\t\t\tZesp\u00f3\u0142 MAPALU\t\t\t\t\t\t\t\t<\/div>\n\t\t\t\t<\/div>\n\t\t\t\t\t<\/div>\n\t\t<\/div>\n\t\t\t\t\t<\/div>\n\t\t<\/section>\n\t\t\t\t<\/div>\n\t\t","protected":false},"excerpt":{"rendered":"<p>O NAS Firma Mapalu Pawe\u0142 \u0141uniewski powsta\u0142a w 2013 roku. Zajmujemy si\u0119 kompleksow\u0105 produkcj\u0105 wyrob\u00f3w wykonanych ze stali i aluminium. Oferujemy us\u0142ugi\u00a0obr\u00f3bki metali CNC. Produkujemy ci\u0119\u017ckie konstrukcje stalowe\u00a0(portfolio przemys\u0142owe), elementy wyposa\u017cenia wn\u0119trz, ogrod\u00f3w i przestrzeni miejskich\u00a0(portfolio), a tak\u017ce cz\u0119\u015bci maszyn i urz\u0105dze\u0144. Na co dzie\u0144 wsp\u00f3\u0142pracujemy z polskimi i zagranicznymi klientami indywidualnymi, oraz z ma\u0142ymi, [&hellip;]<\/p>\n","protected":false},"author":1,"featured_media":0,"parent":0,"menu_order":0,"comment_status":"closed","ping_status":"closed","template":"templates\/page-builder-content.php","meta":{"footnotes":""},"class_list":["post-1049","page","type-page","status-publish","hentry"],"_links":{"self":[{"href":"https:\/\/mapalu-marine-innovations.pl\/pl\/wp-json\/wp\/v2\/pages\/1049","targetHints":{"allow":["GET"]}}],"collection":[{"href":"https:\/\/mapalu-marine-innovations.pl\/pl\/wp-json\/wp\/v2\/pages"}],"about":[{"href":"https:\/\/mapalu-marine-innovations.pl\/pl\/wp-json\/wp\/v2\/types\/page"}],"author":[{"embeddable":true,"href":"https:\/\/mapalu-marine-innovations.pl\/pl\/wp-json\/wp\/v2\/users\/1"}],"replies":[{"embeddable":true,"href":"https:\/\/mapalu-marine-innovations.pl\/pl\/wp-json\/wp\/v2\/comments?post=1049"}],"version-history":[{"count":10,"href":"https:\/\/mapalu-marine-innovations.pl\/pl\/wp-json\/wp\/v2\/pages\/1049\/revisions"}],"predecessor-version":[{"id":1269,"href":"https:\/\/mapalu-marine-innovations.pl\/pl\/wp-json\/wp\/v2\/pages\/1049\/revisions\/1269"}],"wp:attachment":[{"href":"https:\/\/mapalu-marine-innovations.pl\/pl\/wp-json\/wp\/v2\/media?parent=1049"}],"curies":[{"name":"wp","href":"https:\/\/api.w.org\/{rel}","templated":true}]}}